{"id":2,"date":"2018-10-23T17:53:56","date_gmt":"2018-10-23T15:53:56","guid":{"rendered":"https:\/\/humanium.org\/h\/fr-fr\/?page_id=2"},"modified":"2018-11-09T17:06:21","modified_gmt":"2018-11-09T16:06:21","slug":"home","status":"publish","type":"page","link":"https:\/\/humanium.org\/h\/fr-fr\/","title":{"rendered":"Home"},"content":{"rendered":"<div class=\"hblank_column\"><div class=\"hblank_column_inner\"><\/p>\n<h2>Faire un don<\/h2>\n<p>Gr\u00e2ce \u00e0 votre don :<\/p>\n<ul>\n<li>nous d\u00e9fendons les enfants dont les droits sont bafou\u00e9s<\/li>\n<li>nous prot\u00e9geons les enfants les plus vuln\u00e9rables<\/li>\n<li>nous rendons les droits de l&rsquo;enfant accessibles au plus grand nombre<\/li>\n<\/ul>\n<p>Nous agissons pour un monde o\u00f9 les droits des enfants sont respect\u00e9s, prot\u00e9g\u00e9s et appliqu\u00e9s.<br \/>\n&nbsp;<br \/>\n<a href=\"https:\/\/humanium.org\/h\/fr-fr\/donner\/\">Donner maintenant<\/a><\/p>\n<\/div><\/div><!--\/.hblank_column-->\n<div class=\"hblank_column\"><div class=\"hblank_column_inner\"><\/p>\n<h2>Parrainer un enfant<\/h2>\n<p>Parrainer un enfant est une d\u00e9cision importante : elle influence le bien-\u00eatre et l\u2019avenir d\u2019un enfant.<\/p>\n<p>Le parrainage d\u2019enfant est un moyen d\u2019aide courant qui permet aux donateurs et donatrices d\u2019offrir un soutien cibl\u00e9 pour am\u00e9liorer les conditions de vie des enfants les plus d\u00e9favoris\u00e9s.<br \/>\n&nbsp;<br \/>\n<a href=\"https:\/\/humanium.org\/h\/fr-fr\/parrainage\/\">Parrainer maintenant<\/a><\/p>\n<\/div><\/div><!--\/.hblank_column-->\n","protected":false},"excerpt":{"rendered":"","protected":false},"author":1,"featured_media":0,"parent":0,"menu_order":1,"comment_status":"closed","ping_status":"closed","template":"","meta":{"footnotes":""},"class_list":["post-2","page","type-page","status-publish","hentry"],"_links":{"self":[{"href":"https:\/\/humanium.org\/h\/fr-fr\/wp-json\/wp\/v2\/pages\/2","targetHints":{"allow":["GET"]}}],"collection":[{"href":"https:\/\/humanium.org\/h\/fr-fr\/wp-json\/wp\/v2\/pages"}],"about":[{"href":"https:\/\/humanium.org\/h\/fr-fr\/wp-json\/wp\/v2\/types\/page"}],"author":[{"embeddable":true,"href":"https:\/\/humanium.org\/h\/fr-fr\/wp-json\/wp\/v2\/users\/1"}],"replies":[{"embeddable":true,"href":"https:\/\/humanium.org\/h\/fr-fr\/wp-json\/wp\/v2\/comments?post=2"}],"version-history":[{"count":36,"href":"https:\/\/humanium.org\/h\/fr-fr\/wp-json\/wp\/v2\/pages\/2\/revisions"}],"predecessor-version":[{"id":113,"href":"https:\/\/humanium.org\/h\/fr-fr\/wp-json\/wp\/v2\/pages\/2\/revisions\/113"}],"wp:attachment":[{"href":"https:\/\/humanium.org\/h\/fr-fr\/wp-json\/wp\/v2\/media?parent=2"}],"curies":[{"name":"wp","href":"https:\/\/api.w.org\/{rel}","templated":true}]}}