{"id":2,"date":"2018-10-23T17:54:27","date_gmt":"2018-10-23T15:54:27","guid":{"rendered":"https:\/\/humanium.org\/h\/fr-es\/?page_id=2"},"modified":"2018-11-13T12:51:45","modified_gmt":"2018-11-13T11:51:45","slug":"home","status":"publish","type":"page","link":"https:\/\/humanium.org\/h\/fr-es\/","title":{"rendered":"Home"},"content":{"rendered":"<div class=\"hblank_column\"><div class=\"hblank_column_inner\"><\/p>\n<h2>Hacer una donativo<\/h2>\n<p>Gracias a su donaci\u00f3n:<\/p>\n<ul>\n<li>Defendemos a los ni\u00f1os cuyos derechos son violados<\/li>\n<li>Protegemos a los ni\u00f1os m\u00e1s vulnerables<\/li>\n<li>Hacemos que los derechos de los ni\u00f1os sean accesibles a la mayor parte de gente posible<\/li>\n<\/ul>\n<p>Trabajamos por un mundo donde los derechos de los ni\u00f1os sean respetados, protegidos y aplicados.<\/p>\n<p><a href=\"https:\/\/humanium.org\/h\/fr-es\/hacer-una-donacion\/\">Donar ahora<\/a><\/p>\n<\/div><\/div><!--\/.hblank_column-->\n<div class=\"hblank_column\"><div class=\"hblank_column_inner\"><\/p>\n<h2>Apadrinar a un ni\u00f1o<\/h2>\n<p>Humanium busca el mejor actuar. Nuestra prioridad es la protecci\u00f3n del ni\u00f1o y su bienestar. Por ello, l\u00f3gicamente nuestro enfoque del apadrinamiento es un enfoque \u00e9tico.<\/p>\n<p>Humanium ofrece la posibilidad a donadores de apadrinar a un ni\u00f1o de una forma \u00e9ticamente irreprochable y, por ende, \u00a1de tomar una decisi\u00f3n responsable!<\/p>\n<p><a href=\"https:\/\/humanium.org\/h\/fr-es\/apadrinar-a-un-nino\/\">Apadrinar desde hoy<\/a><\/p>\n<\/div><\/div><!--\/.hblank_column-->\n","protected":false},"excerpt":{"rendered":"","protected":false},"author":1,"featured_media":0,"parent":0,"menu_order":1,"comment_status":"closed","ping_status":"closed","template":"","meta":{"footnotes":""},"class_list":["post-2","page","type-page","status-publish","hentry"],"_links":{"self":[{"href":"https:\/\/humanium.org\/h\/fr-es\/wp-json\/wp\/v2\/pages\/2","targetHints":{"allow":["GET"]}}],"collection":[{"href":"https:\/\/humanium.org\/h\/fr-es\/wp-json\/wp\/v2\/pages"}],"about":[{"href":"https:\/\/humanium.org\/h\/fr-es\/wp-json\/wp\/v2\/types\/page"}],"author":[{"embeddable":true,"href":"https:\/\/humanium.org\/h\/fr-es\/wp-json\/wp\/v2\/users\/1"}],"replies":[{"embeddable":true,"href":"https:\/\/humanium.org\/h\/fr-es\/wp-json\/wp\/v2\/comments?post=2"}],"version-history":[{"count":18,"href":"https:\/\/humanium.org\/h\/fr-es\/wp-json\/wp\/v2\/pages\/2\/revisions"}],"predecessor-version":[{"id":62,"href":"https:\/\/humanium.org\/h\/fr-es\/wp-json\/wp\/v2\/pages\/2\/revisions\/62"}],"wp:attachment":[{"href":"https:\/\/humanium.org\/h\/fr-es\/wp-json\/wp\/v2\/media?parent=2"}],"curies":[{"name":"wp","href":"https:\/\/api.w.org\/{rel}","templated":true}]}}